{"id":114,"date":"2017-08-06T15:14:23","date_gmt":"2017-08-06T13:14:23","guid":{"rendered":"https:\/\/wp-systeme.lip6.fr\/estate\/?page_id=114"},"modified":"2017-08-07T11:00:22","modified_gmt":"2017-08-07T09:00:22","slug":"kickoff-nov-7th-2016","status":"publish","type":"page","link":"https:\/\/wp-systeme.lip6.fr\/estate\/kickoff-nov-7th-2016\/","title":{"rendered":"Kickoff"},"content":{"rendered":"<h3>Lyon, Nov. 7th, 2016<\/h3>\n<h3>Program<\/h3>\n<ul>\n<li>09:30\u00a0 &#8211; Opening<\/li>\n<li>10:00\u00a0 &#8211; Discussions and information<\/li>\n<li>11:30\u00a0 &#8211; Ana\u00efs Durand \u2028: <em>Gradual Stabilization Under T-Dynamics<\/em><\/li>\n<li>12:00\u00a0 &#8211; Lunch<\/li>\n<li>13:30\u00a0 &#8211; Arnaud Casteigts\u2028 : <em>Tutorial on TVGs<\/em><\/li>\n<li>14:30\u00a0 &#8211; Marjorie Bournat : <em>Self-Stabilizing Robots in Highly Dynamic Environments<\/em><\/li>\n<li>15:00\u00a0 &#8211; Coffee break<\/li>\n<li>15:30\u00a0 &#8211; Pierre CORBINEAU : <em>\u2028Tutorial on Coq<\/em><\/li>\n<li>16:30\u00a0 &#8211; Pierre CORBINEAU \u2028: <em>A Framework for Certified Self-stabilization<\/em><\/li>\n<\/ul>\n<h6>Attendees<\/h6>\n<p>Karine Altisen, S\u00e9bastien Bouchard, Marjorie Bournat, Quentin Brahmas, Eddy Caron, Arnaud Casteigts, Pierre Corbineau, Ajoy K. Datta, St\u00e9phane Devismes, Yoann Dieudonn\u00e9, Swan Dubois, Ana\u00efs Durand, Colette Johnen, Anissa Lamani, Franck Petit, and S\u00e9bastien Tixeuil<\/p>\n<pre>\u00a9 <a href=\"http:\/\/estate.lip6.fr\"><img loading=\"lazy\" decoding=\"async\" class=\"alignnone wp-image-145\" src=\"https:\/\/wp-systeme.lip6.fr\/estate\/wp-content\/uploads\/sites\/6\/2017\/08\/ESTATE-Vert72-1-300x208.jpg\" alt=\"\" width=\"50\" height=\"35\" srcset=\"https:\/\/wp-systeme.lip6.fr\/estate\/wp-content\/uploads\/sites\/6\/2017\/08\/ESTATE-Vert72-1-300x208.jpg 300w, https:\/\/wp-systeme.lip6.fr\/estate\/wp-content\/uploads\/sites\/6\/2017\/08\/ESTATE-Vert72-1.jpg 595w\" sizes=\"auto, (max-width: 50px) 100vw, 50px\" \/>\u00a0\u00a0<\/a><\/pre>\n","protected":false},"excerpt":{"rendered":"<p>Lyon, Nov. 7th, 2016 Program 09:30\u00a0 &#8211; Opening 10:00\u00a0 &#8211; Discussions and information 11:30\u00a0 &#8211; Ana\u00efs Durand \u2028: Gradual Stabilization Under T-Dynamics 12:00\u00a0 &#8211; Lunch 13:30\u00a0 &#8211; Arnaud Casteigts\u2028 : Tutorial on TVGs 14:30\u00a0 &#8211; Marjorie Bournat : Self-Stabilizing Robots in Highly Dynamic Environments 15:00\u00a0 &#8211; Coffee break 15:30\u00a0 &#8211; Pierre CORBINEAU : \u2028Tutorial on &hellip; <a href=\"https:\/\/wp-systeme.lip6.fr\/estate\/kickoff-nov-7th-2016\/\" class=\"more-link\">Continuer la lecture de <span class=\"screen-reader-text\">Kickoff<\/span> <span class=\"meta-nav\">&rarr;<\/span><\/a><\/p>\n","protected":false},"author":37,"featured_media":0,"parent":0,"menu_order":0,"comment_status":"closed","ping_status":"closed","template":"","meta":{"footnotes":""},"class_list":["post-114","page","type-page","status-publish","hentry"],"_links":{"self":[{"href":"https:\/\/wp-systeme.lip6.fr\/estate\/wp-json\/wp\/v2\/pages\/114","targetHints":{"allow":["GET"]}}],"collection":[{"href":"https:\/\/wp-systeme.lip6.fr\/estate\/wp-json\/wp\/v2\/pages"}],"about":[{"href":"https:\/\/wp-systeme.lip6.fr\/estate\/wp-json\/wp\/v2\/types\/page"}],"author":[{"embeddable":true,"href":"https:\/\/wp-systeme.lip6.fr\/estate\/wp-json\/wp\/v2\/users\/37"}],"replies":[{"embeddable":true,"href":"https:\/\/wp-systeme.lip6.fr\/estate\/wp-json\/wp\/v2\/comments?post=114"}],"version-history":[{"count":7,"href":"https:\/\/wp-systeme.lip6.fr\/estate\/wp-json\/wp\/v2\/pages\/114\/revisions"}],"predecessor-version":[{"id":175,"href":"https:\/\/wp-systeme.lip6.fr\/estate\/wp-json\/wp\/v2\/pages\/114\/revisions\/175"}],"wp:attachment":[{"href":"https:\/\/wp-systeme.lip6.fr\/estate\/wp-json\/wp\/v2\/media?parent=114"}],"curies":[{"name":"wp","href":"https:\/\/api.w.org\/{rel}","templated":true}]}}