{"id":118,"date":"2017-08-06T15:11:27","date_gmt":"2017-08-06T13:11:27","guid":{"rendered":"https:\/\/wp-systeme.lip6.fr\/estate\/?page_id=118"},"modified":"2022-10-03T15:35:19","modified_gmt":"2022-10-03T13:35:19","slug":"events","status":"publish","type":"page","link":"https:\/\/wp-systeme.lip6.fr\/estate\/events\/","title":{"rendered":"Events"},"content":{"rendered":"<ul>\n<li><a href=\"https:\/\/academic.oup.com\/comjnl\/pages\/wilkes_award\">Wilkes Award 2022<\/a>: Terminating Exploration Of A Grid By An Optimal Number Of Asynchronous Oblivious Robots. St\u00e9phane Devismes, Anissa Lamani, Franck Petit, Pascal Raymond, S\u00e9bastien Tixeuil. <em>The Computer Journal<\/em>, Volume 64, Issue 1, January 2021, Pages 132\u2013154.<\/li>\n<li><a href=\"https:\/\/wp-systeme.lip6.fr\/estate\/joint-meeting-projects-anr-ducat-and-estate\/\"><em>Joint Workshop<\/em> of ANR Projects DUCAT and ESTATE<\/a>, Saint-Valery, (<a class=\"urlextern\" title=\"https:\/\/www.baiedesomme.fr\/lieu\/1-12-cap-hornu-hotel-restaurant\" href=\"https:\/\/www.baiedesomme.fr\/lieu\/1-12-cap-hornu-hotel-restaurant\" rel=\"nofollow\">Cap Hornu<\/a>, Baie de Somme) March 15-18, 2022.<\/li>\n<li><a href=\"https:\/\/dept-info.labri.fr\/~gavoille\/descartes\/meeting_fontainebleau_nov2021.html\"><em>Joint Workshop<\/em> of ANR Projects DESCARTES and ESTATE<\/a>, Fontainebleau,\u00a0 November 8-10 2021.<\/li>\n<li>Staff Recruitment (Grenoble): Marie Laveau. Post-doctoral fellow, Sept. 2021&#8211;May 2022.<\/li>\n<li>Colette Johnen <span class=\"VIiyi\" lang=\"en\"><span class=\"JLqJ4b ChMk0b\" data-language-for-alternatives=\"en\" data-language-to-translate-into=\"fr\" data-phrase-index=\"0\">joined the Parisian DELYS team as an INRIA delegation from Sept. 1st, 2020 to Aug. 31, 2021.<\/span><\/span><\/li>\n<li>PhD Defense of Jason Schoeters, Bordeaux, March 29th, 2021<\/li>\n<li>Quentin Bramas, St\u00e9phane Devismes, and Pascal Lafourcade won the Best Paper Award at <a href=\"http:\/\/netys.net\/history\/netys2020\/netys.net\/index.html\">NETYS&rsquo;2020, the 8th International Conference on NETworked sYStems<\/a><i>, <\/i>Marrakech, Morocco.<\/li>\n<li><a href=\"https:\/\/wp-systeme.lip6.fr\/estate\/workshop-on-modularity-and-dynamics-in-modern-distributed-environments\/\"><em>Workshop<\/em> on Modularity and Dynamics in Modern Distributed Environments<\/a> , Co-organized by <a href=\"http:\/\/dept-info.labri.fr\/~gavoille\/descartes\/meeting_cap-hornu_jun2020.html\">ANR DESCARTES<\/a> et <a href=\"https:\/\/wp-systeme.lip6.fr\/estate\/\">ANR ESTATE<\/a>, Le Cap Hornu, Saint-Val\u00e9ry-sur-Somme, June 9-12 2020. ***CANCELLED DUE TO COVID19 PANDEMIC***<\/li>\n<li>Mika\u00ebl Rabie won the Best Paper Award at <a href=\"http:\/\/focs2019.cs.jhu.edu\/awards\/\">FOCS 2019, 60th Annual IEEE Symposium on Foundations of Computer Science<\/a>, Baltimore November 9-12, 2019 for his paper \u00ab\u00a0<em>Lower bounds for maximal matchings and maximal independent sets<\/em>\u00a0\u00bb (co-authored by A. Balliu, S. Brandt, J. Hirvonen, D. Olivetti, and J. Suomela.<\/li>\n<li>100% of papers selected for nomination to the Best Paper Award at ALGOTEL 2019 are from ESTATE.<\/li>\n<li>ESTATE got the best student paper Award at ALGOTEL 2019.\u00a0 Congrats to both Jason Schoeters and Laurent Feuilloley.<span class=\"VIiyi\" lang=\"en\"><span class=\"JLqJ4b ChMk0b\" data-language-for-alternatives=\"en\" data-language-to-translate-into=\"fr\" data-phrase-index=\"0\"><br \/>\n<\/span><\/span><\/li>\n<li>Mika\u00ebl Rabie won the Best Paper Award at <a href=\"http:\/\/focs2019.cs.jhu.edu\/awards\/\">FOCS 2019, 60th Annual IEEE Symposium on Foundations of Computer Science<\/a>, Baltimore November 9-12, 2019 for his paper \u00ab\u00a0<em>Lower bounds for maximal matchings and maximal independent sets<\/em>\u00a0\u00bb (co-authored by A. Balliu, S. Brandt, J. Hirvonen, D. Olivetti, and J. Suomela.<\/li>\n<li>Staff Recruitment (Paris): Gabriel Le Bouder. Doctoral fellow MESR (2019-2022). <em>Autonomic Synchronization<\/em>.<\/li>\n<li>Andrzej Pelc, Universit\u00e9 du Qu\u00e9bec en Outaouais, Canada,\u00a0 Invited Professor at LIP6, from Sept. 17 to Oct. 30, 2019.<\/li>\n<li><a href=\"https:\/\/wp-systeme.lip6.fr\/estate\/on-the-deterministic-gathering-of-mobile-agents\/\">PhD Defense of S\u00e9bastien Bouchard<\/a>, Paris September 26th, 2019<\/li>\n<li>Staff Recruitment (Paris): Mika\u00ebl Rabie. Post-doctoral fellow, July 2019&#8211;August 2020, co-financed by ESTATE and Cifre Palo-IT (M. Potop-Butucaru).<\/li>\n<li><a href=\"https:\/\/wp-systeme.lip6.fr\/estate\/graceful-degradation-and-speculation-for-robots-in-highly-dynamic-environments\">PhD Defense of Marjorie Bournat<\/a>, Paris June 27th, 2019<\/li>\n<li>Both Jason Schoeters and Laurent Feuilloley got the Best Student Paper Award at ALGOTEL 2019, Saint Laurent de la Cabrerisse, June 6th, 2019.<\/li>\n<li>Four papers was nominated for the best student paper at ALGOTEL 2019.\u00a0 All of them are from ESTATE, namely:\n<ul>\n<li>Laurent Feuilloley, Pierre Fraigniaud, Juho Hirvonen, Ami Paz and Mor Perry. <i>V\u00e9rification de preuves distribu\u00e9es: compromis temps-espace<\/i><\/li>\n<li>S\u00e9bastien Bouchard, Yoann Dieudonn\u00e9, Andrzej Pelc and Franck Petit. <i>Trouver un tr\u00e9sor plus rapidement avec des conseils angulaires<\/i><\/li>\n<li>Lionel Rieg, Thibaut Balabonski, Pierre Courtieu, Sebastien Tixeuil and Xavier Urbain. <i>Manuel de savoir-prouver \u00e0 l\u2019usage des roboteux et des distributeux<\/i><\/li>\n<li>Arnaud Casteigts, Joseph G. Peters and Jason Schoeters. <i>Trouver des spanners peu denses dans les cliques temporelles<\/i><\/li>\n<\/ul>\n<\/li>\n<li>Release of the book <a href=\"https:\/\/www.morganclaypool.com\/doi\/abs\/10.2200\/S00908ED1V01Y201903DCT015\">\u00ab\u00a0Introduction to Distributed Self-Stabilizing Algorithms\u00a0\u00bb<\/a> by Karine Altisen, St\u00e9phane Devismes, Swan Dubois, and Franck Petit. April 2019.<\/li>\n<li><a href=\"https:\/\/wp-systeme.lip6.fr\/estate\/meeting-3\/\">Workshop ANR DESCARTES\/ESTATE<\/a>, <a href=\"https:\/\/wp-systeme.lip6.fr\/estate\/meeting-3\/\">Meeting #3<\/a>, in conjonction with <a href=\"https:\/\/www.irif.fr\/gt-coa\/workshop2019\">Workshop Complexit\u00e9 et algorithmes (CoA 2019)<\/a>, Roscoff, April 1st &#8211; April 5th, 2019.<\/li>\n<li>Staff Recruitment (Paris): Ana\u00efs Durand. Post-doctoral fellow (Janv. 2019-August 2019). <em>Self-Stabilizing Distributed Algorithms for Dynamic Networks<\/em>.<\/li>\n<li>Staff Recruitment (Paris): Laurent Feuilloley. Post-doctoral fellow (Oct. 2018-August 2019). <em>Proof-Labelling Scheme in Dynamic Networks<\/em>.<\/li>\n<li>Zvi Lotker, Tel-Aviv University, Israel,\u00a0 Invited Professor at LIP6 (from Sept. 24 to Oct. 5, 2018)<\/li>\n<li>HDR Defense of Arnaud Casteigts, Bordeaux June, 4th, 2018.<\/li>\n<li>Best student paper Award at ALGOTEL 2018 by S\u00e9bastien Bouchard, Roscoff, May 31th, 2018.<\/li>\n<li>Staff Recruitment (Bordeaux): Jason Schoeters. Doctoral fellow (2017-2020). Mobility Models.<\/li>\n<li>Staff Recruitment (Grenoble): Vincent Filou. Post-doctoral fellow (2017-2019). Certification of Self-Stabilizing Algorithm.<\/li>\n<li><a href=\"https:\/\/wp-systeme.lip6.fr\/estate\/these_anais\/\">PhD Defense of Ana\u00efs Durand<\/a>, Grenoble Sept.1st, 2017<\/li>\n<li><a href=\"https:\/\/wp-systeme.lip6.fr\/estate\/workshop-estateverimag-distributed-algorithms-grenoble-aug-31th-2017\/\">Workshop ESTATE\/VERIMAG<\/a>, Grenoble Aug. 31th, 2017<\/li>\n<li><a href=\"https:\/\/wp-systeme.lip6.fr\/estate\/meeting-2\/\">Meeting #2<\/a>, Grenoble Aug. 31th, 2017<\/li>\n<li><a href=\"https:\/\/pages.lip6.fr\/Swan.Dubois\/CoDyn2017\/\">CoDyn<\/a>, Second Workshop on Computing in Dynamic Networks, Vienna, October 20th,\u00a0 2017, co-located\u00a0 with <a href=\"http:\/\/www.disc-conference.org\/wp\/disc2017\/\">DISC&rsquo;17<\/a><\/li>\n<li>Andrzej Pelc , Universit\u00e9 du Qu\u00e9bec en Outaouais, Canada,\u00a0 Invited Professor at LIP6 (from Sept. 25 to Sept. 29, 2017)<\/li>\n<li><a href=\"https:\/\/wp-systeme.lip6.fr\/estate\/?page_id=114&amp;preview=true\">Meeting #1<\/a> : <a href=\"https:\/\/wp-systeme.lip6.fr\/estate\/?page_id=114&amp;preview=true\">Kickoff<\/a>, Lyon Nov. 7th, 2016<\/li>\n<\/ul>\n<pre>\u00a9 <a href=\"http:\/\/estate.lip6.fr\"><img loading=\"lazy\" decoding=\"async\" class=\"alignnone wp-image-145\" src=\"https:\/\/wp-systeme.lip6.fr\/estate\/wp-content\/uploads\/sites\/6\/2017\/08\/ESTATE-Vert72-1-300x208.jpg\" alt=\"\" width=\"50\" height=\"35\" srcset=\"https:\/\/wp-systeme.lip6.fr\/estate\/wp-content\/uploads\/sites\/6\/2017\/08\/ESTATE-Vert72-1-300x208.jpg 300w, https:\/\/wp-systeme.lip6.fr\/estate\/wp-content\/uploads\/sites\/6\/2017\/08\/ESTATE-Vert72-1.jpg 595w\" sizes=\"auto, (max-width: 50px) 100vw, 50px\" \/>\u00a0\u00a0<\/a>\r\n<\/pre>\n","protected":false},"excerpt":{"rendered":"<p>Wilkes Award 2022: Terminating Exploration Of A Grid By An Optimal Number Of Asynchronous Oblivious Robots. St\u00e9phane Devismes, Anissa Lamani, Franck Petit, Pascal Raymond, S\u00e9bastien Tixeuil. The Computer Journal, Volume 64, Issue 1, January 2021, Pages 132\u2013154. Joint Workshop of ANR Projects DUCAT and ESTATE, Saint-Valery, (Cap Hornu, Baie de Somme) March 15-18, 2022. Joint &hellip; <a href=\"https:\/\/wp-systeme.lip6.fr\/estate\/events\/\" class=\"more-link\">Continuer la lecture de <span class=\"screen-reader-text\">Events<\/span> <span class=\"meta-nav\">&rarr;<\/span><\/a><\/p>\n","protected":false},"author":37,"featured_media":0,"parent":0,"menu_order":0,"comment_status":"closed","ping_status":"closed","template":"","meta":{"footnotes":""},"class_list":["post-118","page","type-page","status-publish","hentry"],"_links":{"self":[{"href":"https:\/\/wp-systeme.lip6.fr\/estate\/wp-json\/wp\/v2\/pages\/118","targetHints":{"allow":["GET"]}}],"collection":[{"href":"https:\/\/wp-systeme.lip6.fr\/estate\/wp-json\/wp\/v2\/pages"}],"about":[{"href":"https:\/\/wp-systeme.lip6.fr\/estate\/wp-json\/wp\/v2\/types\/page"}],"author":[{"embeddable":true,"href":"https:\/\/wp-systeme.lip6.fr\/estate\/wp-json\/wp\/v2\/users\/37"}],"replies":[{"embeddable":true,"href":"https:\/\/wp-systeme.lip6.fr\/estate\/wp-json\/wp\/v2\/comments?post=118"}],"version-history":[{"count":50,"href":"https:\/\/wp-systeme.lip6.fr\/estate\/wp-json\/wp\/v2\/pages\/118\/revisions"}],"predecessor-version":[{"id":549,"href":"https:\/\/wp-systeme.lip6.fr\/estate\/wp-json\/wp\/v2\/pages\/118\/revisions\/549"}],"wp:attachment":[{"href":"https:\/\/wp-systeme.lip6.fr\/estate\/wp-json\/wp\/v2\/media?parent=118"}],"curies":[{"name":"wp","href":"https:\/\/api.w.org\/{rel}","templated":true}]}}