{"id":37,"date":"2014-09-16T15:37:55","date_gmt":"2014-09-16T14:37:55","guid":{"rendered":"http:\/\/wp-systeme.lip6.fr\/fmi\/?page_id=37"},"modified":"2014-09-16T15:38:44","modified_gmt":"2014-09-16T14:38:44","slug":"contact","status":"publish","type":"page","link":"https:\/\/wp-systeme.lip6.fr\/fmi\/contact\/","title":{"rendered":"Contact"},"content":{"rendered":"<p>This blog is part of the Free Models Initiative FMI.<\/p>\n<p><strong>Please contact:<\/strong><\/p>\n<p><em><a href=\"http:\/\/www.lip6.fr\/actualite\/personnes-fiche.php?ident=D1476\" target=\"_blank\">Regina Hebig<\/a> <\/em><\/p>\n<ul>\nSorbonne Universit\u00e9s, UPMC Univ. Paris 06,<br \/>\nUMR 7606, LIP6, F-75005, Paris, France,<br \/>\nregina.hebig@lip6.fr\n<\/ul>\n<p><em><a href=\"http:\/\/www.imm.dtu.dk\/~hsto\/\">Harald St\u00f6rrle<\/a><\/em><\/p>\n<ul>\nDanmarks Tekniske Universitet, D\u00e4nemark\n<\/ul>\n<p><em><a href=\"http:\/\/www.informatik.uni-augsburg.de\/en\/chairs\/swt\/sse\/\">Alexander Knapp<\/a> <\/em><\/p>\n<ul>\nUniversit\u00e4t Augsburg, Deutschland\n<\/ul>\n","protected":false},"excerpt":{"rendered":"<p>This blog is part of the Free Models Initiative FMI. Please contact: Regina Hebig Sorbonne Universit\u00e9s, UPMC Univ. Paris 06, UMR 7606, LIP6, F-75005, Paris, France, regina.hebig@lip6.fr Harald St\u00f6rrle Danmarks Tekniske Universitet, D\u00e4nemark Alexander Knapp Universit\u00e4t Augsburg, Deutschland<\/p>\n","protected":false},"author":2,"featured_media":0,"parent":0,"menu_order":0,"comment_status":"closed","ping_status":"closed","template":"","meta":{"footnotes":""},"class_list":["post-37","page","type-page","status-publish","hentry"],"_links":{"self":[{"href":"https:\/\/wp-systeme.lip6.fr\/fmi\/wp-json\/wp\/v2\/pages\/37","targetHints":{"allow":["GET"]}}],"collection":[{"href":"https:\/\/wp-systeme.lip6.fr\/fmi\/wp-json\/wp\/v2\/pages"}],"about":[{"href":"https:\/\/wp-systeme.lip6.fr\/fmi\/wp-json\/wp\/v2\/types\/page"}],"author":[{"embeddable":true,"href":"https:\/\/wp-systeme.lip6.fr\/fmi\/wp-json\/wp\/v2\/users\/2"}],"replies":[{"embeddable":true,"href":"https:\/\/wp-systeme.lip6.fr\/fmi\/wp-json\/wp\/v2\/comments?post=37"}],"version-history":[{"count":5,"href":"https:\/\/wp-systeme.lip6.fr\/fmi\/wp-json\/wp\/v2\/pages\/37\/revisions"}],"predecessor-version":[{"id":42,"href":"https:\/\/wp-systeme.lip6.fr\/fmi\/wp-json\/wp\/v2\/pages\/37\/revisions\/42"}],"wp:attachment":[{"href":"https:\/\/wp-systeme.lip6.fr\/fmi\/wp-json\/wp\/v2\/media?parent=37"}],"curies":[{"name":"wp","href":"https:\/\/api.w.org\/{rel}","templated":true}]}}