{"id":2,"date":"2018-03-26T07:58:14","date_gmt":"2018-03-26T07:58:14","guid":{"rendered":"http:\/\/wp-systeme.lip6.fr\/jaif\/?page_id=2"},"modified":"2018-05-19T11:36:57","modified_gmt":"2018-05-19T11:36:57","slug":"main","status":"publish","type":"page","link":"https:\/\/wp-systeme.lip6.fr\/jaif\/","title":{"rendered":"Description"},"content":{"rendered":"<p>Cette journ\u00e9e s&rsquo;inscrit dans la suite de la \u00a0<a href=\"http:\/\/sertif-projet.forge.imag.fr\/pages\/workshop.html\" target=\"_blank\" rel=\"noopener\">journ\u00e9e SERTIF\u00a0<\/a>organis\u00e9e \u00e0 Grenoble\u00a0qui avait r\u00e9uni une soixantaine de personnes.<br \/>\nCette journ\u00e9e pr\u00e9c\u00e8de les journ\u00e9es nationales du pr\u00e9-GDR S\u00e9curit\u00e9 (30 mai &#8211; 1 juin) et est un \u00e9v\u00e8nement associ\u00e9 au GT S\u00e9curit\u00e9 des Syst\u00e8mes Mat\u00e9riels commun au GDR SoC2 et au GDR S\u00e9curit\u00e9 Informatique.<\/p>\n<p>&nbsp;<\/p>\n<p>Ce workshop a pour objectif de r\u00e9unir la communaut\u00e9 de la recherche fran\u00e7aise en analyse de fautes sur des syst\u00e8mes de s\u00e9curit\u00e9.<br \/>\nCette communaut\u00e9 est tr\u00e8s avanc\u00e9e sur le plan mondial, et travaille sur des aspects tr\u00e8s vari\u00e9s :<\/p>\n<ul>\n<li>attaques en injection de fautes et mod\u00e8les de fautes,<\/li>\n<li>simulation \/ m\u00e9thodes formelles pour comprendre l&rsquo;impact des fautes,<\/li>\n<li>preuve de s\u00e9curit\u00e9,<\/li>\n<li>contremesures,<\/li>\n<li>impl\u00e9mentation de strat\u00e9gies de d\u00e9tection \u00e0 la compilation, etc.<\/li>\n<\/ul>\n<p>Un premier objectif de la journ\u00e9e est de consolider ce savoir-faire pour faire \u00e9merger des recherches plus globales.<\/p>\n<p>En parall\u00e8le, le contexte des syst\u00e8mes embarqu\u00e9s s\u00e9curis\u00e9s \u00e9volue assez rapidement, et il est important d&rsquo;envisager l&rsquo;\u00e9volution des attaques mais aussi des syst\u00e8mes. Aujourd&rsquo;hui, il y a un changement de paradigme pour aller des syst\u00e8mes ferm\u00e9s vers des syst\u00e8mes ouverts, qui impl\u00e9mentent des TEE (Trusted Execution Environments). Egalement, les injections de fautes deviennent plus complexes, avec par exemple la possibilit\u00e9 de r\u00e9aliser des injections multiples.<\/p>\n<p>Cette journ\u00e9e vise \u00e0 aborder \u00a0et \u00e0 favoriser les discussions sur l&rsquo;ensemble de ces sujets, au travers de pr\u00e9sentations et de discussions entre les participants.<\/p>\n<h6><strong>Organisateurs\u00a0<\/strong><\/h6>\n<p>Cette journ\u00e9e est organis\u00e9e par :<\/p>\n<ul>\n<li>Sylvain Guilley, Telecom ParisTech \/ Secure-IC<\/li>\n<li>Karine Heydemann, Sorbonne Universit\u00e9 \/ LIP6<\/li>\n<li>Marie-Laure Potet, Grenoble Alpes Cybersecurity Institute \/ V\u00e9rimag<\/li>\n<li>Guillaume Bouffard, \u00a0ANSSI<\/li>\n<\/ul>\n<h6>Financements<\/h6>\n<p>Cette journ\u00e9e est financ\u00e9e par :<\/p>\n<ul>\n<li>le projet <a href=\"http:\/\/www.lip6.fr\/prosecco\">ANR PROSECCO<\/a><\/li>\n<li>le\u00a0GT S\u00e9curit\u00e9 des Syst\u00e8mes Mat\u00e9riels commun au GDR SoC2 et au GDR S\u00e9curit\u00e9 Informatique<\/li>\n<\/ul>\n<p><img loading=\"lazy\" decoding=\"async\" class=\"alignnone size-medium wp-image-123\" src=\"https:\/\/wp-systeme.lip6.fr\/jaif\/wp-content\/uploads\/sites\/8\/2018\/04\/logo-soc2-v8-300x100.png\" alt=\"\" width=\"300\" height=\"100\" srcset=\"https:\/\/wp-systeme.lip6.fr\/jaif\/wp-content\/uploads\/sites\/8\/2018\/04\/logo-soc2-v8-300x100.png 300w, https:\/\/wp-systeme.lip6.fr\/jaif\/wp-content\/uploads\/sites\/8\/2018\/04\/logo-soc2-v8-768x256.png 768w, https:\/\/wp-systeme.lip6.fr\/jaif\/wp-content\/uploads\/sites\/8\/2018\/04\/logo-soc2-v8-1024x341.png 1024w, https:\/\/wp-systeme.lip6.fr\/jaif\/wp-content\/uploads\/sites\/8\/2018\/04\/logo-soc2-v8.png 2000w\" sizes=\"auto, (max-width: 300px) 100vw, 300px\" \/><img loading=\"lazy\" decoding=\"async\" class=\"alignnone wp-image-86\" src=\"https:\/\/wp-systeme.lip6.fr\/jaif\/wp-content\/uploads\/sites\/8\/2018\/04\/logo_testHD-237x300.png\" alt=\"\" width=\"78\" height=\"98\" srcset=\"https:\/\/wp-systeme.lip6.fr\/jaif\/wp-content\/uploads\/sites\/8\/2018\/04\/logo_testHD-237x300.png 237w, https:\/\/wp-systeme.lip6.fr\/jaif\/wp-content\/uploads\/sites\/8\/2018\/04\/logo_testHD-768x972.png 768w, https:\/\/wp-systeme.lip6.fr\/jaif\/wp-content\/uploads\/sites\/8\/2018\/04\/logo_testHD-809x1024.png 809w, https:\/\/wp-systeme.lip6.fr\/jaif\/wp-content\/uploads\/sites\/8\/2018\/04\/logo_testHD.png 2048w\" sizes=\"auto, (max-width: 78px) 100vw, 78px\" \/>\u00a0 <img loading=\"lazy\" decoding=\"async\" class=\"alignnone  wp-image-127\" src=\"https:\/\/wp-systeme.lip6.fr\/jaif\/wp-content\/uploads\/sites\/8\/2018\/05\/cybersecurity_institute-300x61.png\" alt=\"\" width=\"172\" height=\"35\" srcset=\"https:\/\/wp-systeme.lip6.fr\/jaif\/wp-content\/uploads\/sites\/8\/2018\/05\/cybersecurity_institute-300x61.png 300w, https:\/\/wp-systeme.lip6.fr\/jaif\/wp-content\/uploads\/sites\/8\/2018\/05\/cybersecurity_institute.png 489w\" sizes=\"auto, (max-width: 172px) 100vw, 172px\" \/><\/p>\n","protected":false},"excerpt":{"rendered":"<p>Cette journ\u00e9e s&rsquo;inscrit dans la suite de la \u00a0journ\u00e9e SERTIF\u00a0organis\u00e9e \u00e0 Grenoble\u00a0qui avait r\u00e9uni une soixantaine de personnes. Cette journ\u00e9e pr\u00e9c\u00e8de les journ\u00e9es nationales du pr\u00e9-GDR S\u00e9curit\u00e9 (30 mai &#8211; 1 juin) et est un \u00e9v\u00e8nement associ\u00e9 au GT S\u00e9curit\u00e9 des Syst\u00e8mes Mat\u00e9riels commun au GDR SoC2 et au GDR S\u00e9curit\u00e9 Informatique. &nbsp; Ce workshop &hellip; <a href=\"https:\/\/wp-systeme.lip6.fr\/jaif\/\" class=\"more-link\">Continuer la lecture de <span class=\"screen-reader-text\">Description<\/span> <span class=\"meta-nav\">&rarr;<\/span><\/a><\/p>\n","protected":false},"author":9,"featured_media":0,"parent":0,"menu_order":0,"comment_status":"closed","ping_status":"open","template":"","meta":{"footnotes":""},"class_list":["post-2","page","type-page","status-publish","hentry"],"_links":{"self":[{"href":"https:\/\/wp-systeme.lip6.fr\/jaif\/wp-json\/wp\/v2\/pages\/2","targetHints":{"allow":["GET"]}}],"collection":[{"href":"https:\/\/wp-systeme.lip6.fr\/jaif\/wp-json\/wp\/v2\/pages"}],"about":[{"href":"https:\/\/wp-systeme.lip6.fr\/jaif\/wp-json\/wp\/v2\/types\/page"}],"author":[{"embeddable":true,"href":"https:\/\/wp-systeme.lip6.fr\/jaif\/wp-json\/wp\/v2\/users\/9"}],"replies":[{"embeddable":true,"href":"https:\/\/wp-systeme.lip6.fr\/jaif\/wp-json\/wp\/v2\/comments?post=2"}],"version-history":[{"count":26,"href":"https:\/\/wp-systeme.lip6.fr\/jaif\/wp-json\/wp\/v2\/pages\/2\/revisions"}],"predecessor-version":[{"id":128,"href":"https:\/\/wp-systeme.lip6.fr\/jaif\/wp-json\/wp\/v2\/pages\/2\/revisions\/128"}],"wp:attachment":[{"href":"https:\/\/wp-systeme.lip6.fr\/jaif\/wp-json\/wp\/v2\/media?parent=2"}],"curies":[{"name":"wp","href":"https:\/\/api.w.org\/{rel}","templated":true}]}}