{"id":58,"date":"2018-03-26T22:17:11","date_gmt":"2018-03-26T22:17:11","guid":{"rendered":"http:\/\/wp-systeme.lip6.fr\/jaif\/?page_id=58"},"modified":"2018-04-10T08:25:54","modified_gmt":"2018-04-10T08:25:54","slug":"informations-pratiques","status":"publish","type":"page","link":"https:\/\/wp-systeme.lip6.fr\/jaif\/informations-pratiques\/","title":{"rendered":"Informations pratiques"},"content":{"rendered":"<p><strong>Date :<\/strong> La journ\u00e9e aura lieu de 10h \u00e0 17h le mardi 29 mai 2018 &#8212; <strong>voir la page d&rsquo;inscription concernant la gr\u00e8ve pr\u00e9vue ce jour l\u00e0 si vous h\u00e9sitez \u00e0 vous inscrire pour cette raison.<\/strong><\/p>\n<p><strong>Lieu :<\/strong> Laboratoire d&rsquo;Informatique de Paris 6 (LIP6) salle 105 25-26 &#8211; Campus de Jussieu.<br \/>\nLa salle 105 se situe au premier \u00e9tage entre les tours 25 et 26.<\/p>\n<p><strong>Acc\u00e8s :<\/strong><\/p>\n<p><img loading=\"lazy\" decoding=\"async\" class=\"wp-image-65 aligncenter\" src=\"https:\/\/wp-systeme.lip6.fr\/jaif\/wp-content\/uploads\/sites\/8\/2018\/03\/PlanJussieuSoutenance-264x300.png\" alt=\"\" width=\"569\" height=\"647\" srcset=\"https:\/\/wp-systeme.lip6.fr\/jaif\/wp-content\/uploads\/sites\/8\/2018\/03\/PlanJussieuSoutenance-264x300.png 264w, https:\/\/wp-systeme.lip6.fr\/jaif\/wp-content\/uploads\/sites\/8\/2018\/03\/PlanJussieuSoutenance-768x872.png 768w, https:\/\/wp-systeme.lip6.fr\/jaif\/wp-content\/uploads\/sites\/8\/2018\/03\/PlanJussieuSoutenance-902x1024.png 902w, https:\/\/wp-systeme.lip6.fr\/jaif\/wp-content\/uploads\/sites\/8\/2018\/03\/PlanJussieuSoutenance.png 1136w\" sizes=\"auto, (max-width: 569px) 100vw, 569px\" \/><\/p>\n","protected":false},"excerpt":{"rendered":"<p>Date : La journ\u00e9e aura lieu de 10h \u00e0 17h le mardi 29 mai 2018 &#8212; voir la page d&rsquo;inscription concernant la gr\u00e8ve pr\u00e9vue ce jour l\u00e0 si vous h\u00e9sitez \u00e0 vous inscrire pour cette raison. Lieu : Laboratoire d&rsquo;Informatique de Paris 6 (LIP6) salle 105 25-26 &#8211; Campus de Jussieu. La salle 105 se &hellip; <a href=\"https:\/\/wp-systeme.lip6.fr\/jaif\/informations-pratiques\/\" class=\"more-link\">Continuer la lecture de <span class=\"screen-reader-text\">Informations pratiques<\/span> <span class=\"meta-nav\">&rarr;<\/span><\/a><\/p>\n","protected":false},"author":9,"featured_media":0,"parent":0,"menu_order":4,"comment_status":"closed","ping_status":"closed","template":"","meta":{"footnotes":""},"class_list":["post-58","page","type-page","status-publish","hentry"],"_links":{"self":[{"href":"https:\/\/wp-systeme.lip6.fr\/jaif\/wp-json\/wp\/v2\/pages\/58","targetHints":{"allow":["GET"]}}],"collection":[{"href":"https:\/\/wp-systeme.lip6.fr\/jaif\/wp-json\/wp\/v2\/pages"}],"about":[{"href":"https:\/\/wp-systeme.lip6.fr\/jaif\/wp-json\/wp\/v2\/types\/page"}],"author":[{"embeddable":true,"href":"https:\/\/wp-systeme.lip6.fr\/jaif\/wp-json\/wp\/v2\/users\/9"}],"replies":[{"embeddable":true,"href":"https:\/\/wp-systeme.lip6.fr\/jaif\/wp-json\/wp\/v2\/comments?post=58"}],"version-history":[{"count":8,"href":"https:\/\/wp-systeme.lip6.fr\/jaif\/wp-json\/wp\/v2\/pages\/58\/revisions"}],"predecessor-version":[{"id":109,"href":"https:\/\/wp-systeme.lip6.fr\/jaif\/wp-json\/wp\/v2\/pages\/58\/revisions\/109"}],"wp:attachment":[{"href":"https:\/\/wp-systeme.lip6.fr\/jaif\/wp-json\/wp\/v2\/media?parent=58"}],"curies":[{"name":"wp","href":"https:\/\/api.w.org\/{rel}","templated":true}]}}