{"id":114,"date":"2018-11-09T07:59:26","date_gmt":"2018-11-09T06:59:26","guid":{"rendered":"https:\/\/wp-systeme.lip6.fr\/prosecco\/?page_id=114"},"modified":"2018-11-09T08:54:27","modified_gmt":"2018-11-09T07:54:27","slug":"workshop","status":"publish","type":"page","link":"https:\/\/wp-systeme.lip6.fr\/prosecco\/workshop\/","title":{"rendered":"Workshop"},"content":{"rendered":"<p>Le projet a organis\u00e9 un workshop le 6 novembre 2018 au LIP6.<\/p>\n<div class=\"\">L&rsquo;objectif principal de ce workshop est de faire un panorama des travaux entrepris dans le\u00a0projet PROSECCO jusqu&rsquo;\u00e0 pr\u00e9sent, de favoriser les \u00e9changes, et de<\/div>\n<div class=\"\">recueillir les retours des participants. Un autre objectif est d&rsquo;interagir avec les participants sur les th\u00e9matiques du projet ou connexes au\u00a0projet.<\/div>\n<div><\/div>\n<h6>Agenda de la journ\u00e9e<\/h6>\n<ul>\n<li>9h30 \u2014 Accueil<\/li>\n<li>10h00 \u2014 Introduction de la journ\u00e9e<\/li>\n<li>10h15 \u2014 Contexte \u2014 menace et attaques physiques [Guillaume Bouffard, ANSSI]<\/li>\n<li>11h00 \u2014 <a href=\"https:\/\/wp-systeme.lip6.fr\/prosecco\/wp-content\/uploads\/sites\/3\/2018\/11\/ProjetProsecco.pdf\">Pr\u00e9sentation du projet PROSECCO <\/a>[Karine Heydemann, Sorbonne Universit\u00e9]<\/li>\n<li>11h15 \u2014 <a href=\"https:\/\/wp-systeme.lip6.fr\/prosecco\/wp-content\/uploads\/sites\/3\/2018\/11\/20181106-PROSECCO-workshop-LIP6.pdf\">Application automatis\u00e9e de protections \u00e0 la compilation<\/a>\u00a0[Damien Courouss\u00e9 et Nicolas Belleville, CEA]<\/li>\n<li>12h00 \u2014 <a href=\"https:\/\/wp-systeme.lip6.fr\/prosecco\/wp-content\/uploads\/sites\/3\/2018\/11\/Prosecco_Workshop_CEATech_EvalSCA-FA.pdf\">Evaluation exp\u00e9rimentale de contremesures logicielles<\/a> [Brice Colombier, CEA]<\/li>\n<li>12h45 \u2014 Buffet et discussion<\/li>\n<li>14h15 \u2014 Analyse de code binaire renforc\u00e9 :\n<ol>\n<li><a href=\"https:\/\/wp-systeme.lip6.fr\/prosecco\/wp-content\/uploads\/sites\/3\/2018\/11\/ChapeauWP4.pdf\">Panorama global<\/a> [Karine Heydemann, Sorbonne Universit\u00e9]<\/li>\n<li><a href=\"https:\/\/wp-systeme.lip6.fr\/prosecco\/wp-content\/uploads\/sites\/3\/2018\/11\/AnalyseBinaireContreFaute.pdf\">Analyse de code binaire contre les attaques en fautes<\/a> [Jean-Baptiste Br\u00e9jon, Sorbonne Universit\u00e9]<\/li>\n<li><a href=\"https:\/\/wp-systeme.lip6.fr\/prosecco\/wp-content\/uploads\/sites\/3\/2018\/11\/slidesAnalyseASMMasqueSCA.pdf\">Analyse de binaire de code masqu\u00e9 contre les SCA<\/a> [Quentin Meunier, Sorbonne Universit\u00e9]<\/li>\n<\/ol>\n<\/li>\n<li>15h00 \u2014 Table ronde \u2014 discussion autour de la probl\u00e9matique ouverte par le projet<\/li>\n<li>16h00 \u2014 Conclusion<\/li>\n<\/ul>\n","protected":false},"excerpt":{"rendered":"<p>Le projet a organis\u00e9 un workshop le 6 novembre 2018 au LIP6. L&rsquo;objectif principal de ce workshop est de faire un panorama des travaux entrepris dans le\u00a0projet PROSECCO jusqu&rsquo;\u00e0 pr\u00e9sent, de favoriser les \u00e9changes, et de recueillir les retours des participants. Un autre objectif est d&rsquo;interagir avec les participants sur les th\u00e9matiques du projet ou &hellip; <a href=\"https:\/\/wp-systeme.lip6.fr\/prosecco\/workshop\/\" class=\"more-link\">Continuer la lecture de <span class=\"screen-reader-text\">Workshop<\/span> <span class=\"meta-nav\">&rarr;<\/span><\/a><\/p>\n","protected":false},"author":9,"featured_media":0,"parent":0,"menu_order":0,"comment_status":"closed","ping_status":"closed","template":"","meta":{"footnotes":""},"class_list":["post-114","page","type-page","status-publish","hentry"],"_links":{"self":[{"href":"https:\/\/wp-systeme.lip6.fr\/prosecco\/wp-json\/wp\/v2\/pages\/114","targetHints":{"allow":["GET"]}}],"collection":[{"href":"https:\/\/wp-systeme.lip6.fr\/prosecco\/wp-json\/wp\/v2\/pages"}],"about":[{"href":"https:\/\/wp-systeme.lip6.fr\/prosecco\/wp-json\/wp\/v2\/types\/page"}],"author":[{"embeddable":true,"href":"https:\/\/wp-systeme.lip6.fr\/prosecco\/wp-json\/wp\/v2\/users\/9"}],"replies":[{"embeddable":true,"href":"https:\/\/wp-systeme.lip6.fr\/prosecco\/wp-json\/wp\/v2\/comments?post=114"}],"version-history":[{"count":7,"href":"https:\/\/wp-systeme.lip6.fr\/prosecco\/wp-json\/wp\/v2\/pages\/114\/revisions"}],"predecessor-version":[{"id":142,"href":"https:\/\/wp-systeme.lip6.fr\/prosecco\/wp-json\/wp\/v2\/pages\/114\/revisions\/142"}],"wp:attachment":[{"href":"https:\/\/wp-systeme.lip6.fr\/prosecco\/wp-json\/wp\/v2\/media?parent=114"}],"curies":[{"name":"wp","href":"https:\/\/api.w.org\/{rel}","templated":true}]}}