{"id":15,"date":"2016-01-30T08:14:35","date_gmt":"2016-01-30T07:14:35","guid":{"rendered":"http:\/\/wp-systeme.lip6.fr\/prosecco\/?page_id=15"},"modified":"2019-02-06T13:54:03","modified_gmt":"2019-02-06T12:54:03","slug":"activite-du-projet","status":"publish","type":"page","link":"https:\/\/wp-systeme.lip6.fr\/prosecco\/activite-du-projet\/","title":{"rendered":"Activit\u00e9 du projet"},"content":{"rendered":"<ul>\n<li>D\u00e9marrage le 1 janvier 2016<\/li>\n<li>R\u00e9union Kick-off le 13 janvier 2016<\/li>\n<li>Pr\u00e9sentation d&rsquo;un <a href=\"http:\/\/wp-systeme.lip6.fr\/prosecco\/wp-content\/uploads\/sites\/3\/2016\/09\/PosterPROSECCO-WISG2016-1.pdf\"> poster <\/a> au <a href=\"http:\/\/www.wisg.fr\" target=\"_blank\" rel=\"noopener\">workshop interdisciplinaire sur la s\u00e9curit\u00e9 globale<\/a>\u00a02016<\/li>\n<li>R\u00e9union d&rsquo;avancement de projet le 5 avril 2016 \u00e0 Paris<\/li>\n<li>Journ\u00e9e de travail \u00e0 Grenoble le 14 juin 2016<\/li>\n<li>R\u00e9union d&rsquo;avancement et journ\u00e9e de travail \u00e0 Gardanne le 13 octobre 2016<\/li>\n<li>Point d&rsquo;avancement en visio le 5 d\u00e9cembre 2016<\/li>\n<li>R\u00e9union d&rsquo;avancement et journ\u00e9e de travail \u00e0 Paris les 30 et 31 janvier 2017<\/li>\n<li>Point d&rsquo;avancement t\u00e9l\u00e9phonique le 17 mars 2017<\/li>\n<li>R\u00e9union de travail le 27 mars 2017 \u00e0 Grenoble<\/li>\n<li>Point d&rsquo;avancement t\u00e9l\u00e9phonique le 8 juin 2017<\/li>\n<li>R\u00e9union de travail le 28 juin 2017 \u00e0 Paris<\/li>\n<li>Point d&rsquo;avancement t\u00e9l\u00e9phonique le 8 et 25 septembre 2017<\/li>\n<li>Pr\u00e9sentation d&rsquo;un poster au workshop interdisciplinaire sur la s\u00e9curit\u00e9 globale 2017<\/li>\n<li>Point d&rsquo;avancement t\u00e9l\u00e9phonique le 4 d\u00e9cembre 2017<\/li>\n<li>Revue du projet \u00e0 T0+18 le 12 d\u00e9cembre 2017 \u00e0 Paris<\/li>\n<li>Point organisationnel le 16 janvier 2018<\/li>\n<li>R\u00e9union de travail le 30 janvier 2018 \u00e0 Gardanne<\/li>\n<li>Point d&rsquo;avancement t\u00e9l\u00e9phonique le 19 Mars \u00a02018<\/li>\n<li>Rencontre de tous les participants au workshop Phisic, Gardanne, Mai 2018<\/li>\n<li>R\u00e9union de travail le 9 juillet 2018 \u00e0 Paris<\/li>\n<li>Point discussion workshop et avancement le 10 octobre 2018<\/li>\n<li>Pr\u00e9sentation d&rsquo;un poster au workshop interdisciplinaire sur la s\u00e9curit\u00e9 globale 2018<\/li>\n<li>Point discussion workshop le 5 novembre 2018<\/li>\n<li>Workshop du projet le 6 Novembre au LIP6<\/li>\n<li>Point d&rsquo;avancement et de discussion le 13 Mars 2019<\/li>\n<\/ul>\n","protected":false},"excerpt":{"rendered":"<p>D\u00e9marrage le 1 janvier 2016 R\u00e9union Kick-off le 13 janvier 2016 Pr\u00e9sentation d&rsquo;un poster au workshop interdisciplinaire sur la s\u00e9curit\u00e9 globale\u00a02016 R\u00e9union d&rsquo;avancement de projet le 5 avril 2016 \u00e0 Paris Journ\u00e9e de travail \u00e0 Grenoble le 14 juin 2016 R\u00e9union d&rsquo;avancement et journ\u00e9e de travail \u00e0 Gardanne le 13 octobre 2016 Point d&rsquo;avancement en &hellip; <a href=\"https:\/\/wp-systeme.lip6.fr\/prosecco\/activite-du-projet\/\" class=\"more-link\">Continuer la lecture de <span class=\"screen-reader-text\">Activit\u00e9 du projet<\/span> <span class=\"meta-nav\">&rarr;<\/span><\/a><\/p>\n","protected":false},"author":9,"featured_media":0,"parent":0,"menu_order":0,"comment_status":"closed","ping_status":"closed","template":"","meta":{"footnotes":""},"class_list":["post-15","page","type-page","status-publish","hentry"],"_links":{"self":[{"href":"https:\/\/wp-systeme.lip6.fr\/prosecco\/wp-json\/wp\/v2\/pages\/15","targetHints":{"allow":["GET"]}}],"collection":[{"href":"https:\/\/wp-systeme.lip6.fr\/prosecco\/wp-json\/wp\/v2\/pages"}],"about":[{"href":"https:\/\/wp-systeme.lip6.fr\/prosecco\/wp-json\/wp\/v2\/types\/page"}],"author":[{"embeddable":true,"href":"https:\/\/wp-systeme.lip6.fr\/prosecco\/wp-json\/wp\/v2\/users\/9"}],"replies":[{"embeddable":true,"href":"https:\/\/wp-systeme.lip6.fr\/prosecco\/wp-json\/wp\/v2\/comments?post=15"}],"version-history":[{"count":25,"href":"https:\/\/wp-systeme.lip6.fr\/prosecco\/wp-json\/wp\/v2\/pages\/15\/revisions"}],"predecessor-version":[{"id":148,"href":"https:\/\/wp-systeme.lip6.fr\/prosecco\/wp-json\/wp\/v2\/pages\/15\/revisions\/148"}],"wp:attachment":[{"href":"https:\/\/wp-systeme.lip6.fr\/prosecco\/wp-json\/wp\/v2\/media?parent=15"}],"curies":[{"name":"wp","href":"https:\/\/api.w.org\/{rel}","templated":true}]}}