{"id":25,"date":"2016-01-30T08:27:12","date_gmt":"2016-01-30T07:27:12","guid":{"rendered":"http:\/\/wp-systeme.lip6.fr\/prosecco\/?page_id=25"},"modified":"2018-11-10T17:41:32","modified_gmt":"2018-11-10T16:41:32","slug":"partenaires-et-contact","status":"publish","type":"page","link":"https:\/\/wp-systeme.lip6.fr\/prosecco\/partenaires-et-contact\/","title":{"rendered":"Partenaires et contact"},"content":{"rendered":"<ul>\n<li>Le projet PROSECCO rassemble deux partenaires : Sorbonne Universit\u00e9 (ex UPMC) et le CEA.<\/li>\n<li>Les participants pour le partenaire Sorbonne Universit\u00e9, tous membres du \u00a0<a href=\"http:\/\/www.lip6.fr\">LIP6<\/a>, sont :\n<ul>\n<li>Ines Ben El Ouhama, doctorante<\/li>\n<li>Jean-Baptiste Br\u00e9jon, doctorante<\/li>\n<li>Emmanuelle Encrenaz, ma\u00eetre de conf\u00e9rences<\/li>\n<li>Karine Heydemann (coordinatrice du projet), ma\u00eetre de conf\u00e9rences<\/li>\n<li>Quentin Meunier, maitre de conf\u00e9rences<\/li>\n<li>Son Tuan Vu, doctorant<\/li>\n<\/ul>\n<p>Contact : pr\u00e9nom.nom@lip6.fr<\/li>\n<li>Les participants pour le partenaire CEA sont :\n<ul>\n<li>Nicolas Belleville, doctorant au CEA DACLE<\/li>\n<li>Brice Colombier, post-doctorant au CEA SAS<\/li>\n<li>Damien Courrouss\u00e9, membre du CEA DACLE<\/li>\n<li>Pierre-Alain Moellic (responsable scientifique pour le CEA), membre du CEA SAS<\/li>\n<\/ul>\n<p>Contact : pr\u00e9nom.nom@cea.fr<\/li>\n<li>Anciens contributeurs au projet :\n<ul>\n<li>Bruno Robisson, CEA SAS (du 1\/01\/2016 au 1\/01\/2017)<\/li>\n<li>Thierno Barry, doctorant au CEA DACLE (du 1\/01\/2016 au 31\/10\/2017)<\/li>\n<li>Lucien Goubet (du 1\/01\/2016 au 15\/05\/2016 au LIP6)<\/li>\n<\/ul>\n<\/li>\n<\/ul>\n","protected":false},"excerpt":{"rendered":"<p>Le projet PROSECCO rassemble deux partenaires : Sorbonne Universit\u00e9 (ex UPMC) et le CEA. Les participants pour le partenaire Sorbonne Universit\u00e9, tous membres du \u00a0LIP6, sont : Ines Ben El Ouhama, doctorante Jean-Baptiste Br\u00e9jon, doctorante Emmanuelle Encrenaz, ma\u00eetre de conf\u00e9rences Karine Heydemann (coordinatrice du projet), ma\u00eetre de conf\u00e9rences Quentin Meunier, maitre de conf\u00e9rences Son Tuan &hellip; <a href=\"https:\/\/wp-systeme.lip6.fr\/prosecco\/partenaires-et-contact\/\" class=\"more-link\">Continuer la lecture de <span class=\"screen-reader-text\">Partenaires et contact<\/span> <span class=\"meta-nav\">&rarr;<\/span><\/a><\/p>\n","protected":false},"author":9,"featured_media":0,"parent":0,"menu_order":0,"comment_status":"closed","ping_status":"closed","template":"","meta":{"footnotes":""},"class_list":["post-25","page","type-page","status-publish","hentry"],"_links":{"self":[{"href":"https:\/\/wp-systeme.lip6.fr\/prosecco\/wp-json\/wp\/v2\/pages\/25","targetHints":{"allow":["GET"]}}],"collection":[{"href":"https:\/\/wp-systeme.lip6.fr\/prosecco\/wp-json\/wp\/v2\/pages"}],"about":[{"href":"https:\/\/wp-systeme.lip6.fr\/prosecco\/wp-json\/wp\/v2\/types\/page"}],"author":[{"embeddable":true,"href":"https:\/\/wp-systeme.lip6.fr\/prosecco\/wp-json\/wp\/v2\/users\/9"}],"replies":[{"embeddable":true,"href":"https:\/\/wp-systeme.lip6.fr\/prosecco\/wp-json\/wp\/v2\/comments?post=25"}],"version-history":[{"count":17,"href":"https:\/\/wp-systeme.lip6.fr\/prosecco\/wp-json\/wp\/v2\/pages\/25\/revisions"}],"predecessor-version":[{"id":145,"href":"https:\/\/wp-systeme.lip6.fr\/prosecco\/wp-json\/wp\/v2\/pages\/25\/revisions\/145"}],"wp:attachment":[{"href":"https:\/\/wp-systeme.lip6.fr\/prosecco\/wp-json\/wp\/v2\/media?parent=25"}],"curies":[{"name":"wp","href":"https:\/\/api.w.org\/{rel}","templated":true}]}}